{"id":1505,"date":"2018-07-31T15:07:16","date_gmt":"2018-07-31T13:07:16","guid":{"rendered":"http:\/\/chefs-commis.com\/?page_id=1505"},"modified":"2024-12-04T21:15:26","modified_gmt":"2024-12-04T20:15:26","slug":"how-it-works-employers","status":"publish","type":"page","link":"https:\/\/www.chefs-commis.com\/en\/how-it-works-employers\/","title":{"rendered":"How it works &#8211; F\u00fcr Arbeitgeber"},"content":{"rendered":"<p>[vc_row css=&#8221;.vc_custom_1733343321334{margin-top: -198px !important;}&#8221;][vc_column][rev_slider_vc alias=&#8221;how-it-works&#8221;][\/vc_column][\/vc_row][vc_row][vc_column][vc_column_text]<\/p>\n<h1 style=\"text-align: center;\"><span style=\"color: rgb(100, 117, 133, 0.1); font-weight: bold;\">STEP 1<\/span><\/h1>\n<p>[\/vc_column_text][vc_column_text]<\/p>\n<p style=\"text-align: center;\"><b>Bewerbung bei Chefs &amp; Commis<\/b><span data-ccp-props=\"{&quot;134233117&quot;:true,&quot;134233118&quot;:true,&quot;201341983&quot;:0,&quot;335551550&quot;:2,&quot;335551620&quot;:2,&quot;335559739&quot;:160,&quot;335559740&quot;:240}\">\u00a0<\/span><\/p>\n<p style=\"text-align: center;\">\u00a0Am besten du registrierst dich online auf unserem Portal, es ist kostenlos, geht schnell und beinhaltet bereits viele Informationen f\u00fcr dein Bewerberprofil. Du hast dort auch die M\u00f6glichkeit deine Bewerbungsunterlagen zu senden. Alternativ kannst du uns deine Bewerbungsunterlagen auch per Email senden und falls du Fragen hast, ruf uns einfach an.<span data-ccp-props=\"{&quot;134233117&quot;:true,&quot;134233118&quot;:true,&quot;201341983&quot;:0,&quot;335551550&quot;:2,&quot;335551620&quot;:2,&quot;335559739&quot;:160,&quot;335559740&quot;:240}\">\u00a0<\/span><\/p>\n<p>[\/vc_column_text][vc_column_text]<\/p>\n<h1 style=\"text-align: center;\"><span style=\"color: rgb(100, 117, 133, 0.1); font-weight: bold;\">STEP 2<\/span><\/h1>\n<p>[\/vc_column_text][vc_column_text]<\/p>\n<p style=\"text-align: center;\"><b>Analyse <\/b><b>deiner<\/b><b> Bewerbungsunterlagen<\/b><br \/>\nNach dem wir deine Unterlagen erhalten haben, werden diese von uns gesichtet und auf Vollst\u00e4ndigkeit gepr\u00fcft. Danach nimmt dein pers\u00f6nlicher Berater Kontakt mit dir.<\/p>\n<p>[\/vc_column_text][vc_column_text]<\/p>\n<h1 style=\"text-align: center;\"><span style=\"color: rgb(100, 117, 133, 0.1); font-weight: bold;\">STEP 3<br \/>\n<\/span><\/h1>\n<p>[\/vc_column_text][vc_column_text]<\/p>\n<p style=\"text-align: center;\"><b>Searching Profiles<\/b><br \/>\nWir nehmen deine pers\u00f6nlichen und beruflichen Ziele auf, werden fehlende Unterlagen oder Informationen erg\u00e4nzen und erstellen zusammen dein Bewerberprofil.<\/p>\n<p>[\/vc_column_text][vc_column_text]<\/p>\n<h1 style=\"text-align: center;\"><span style=\"color: rgb(100, 117, 133, 0.1); font-weight: bold;\">STEP 4<br \/>\n<\/span><\/h1>\n<p>[\/vc_column_text][vc_column_text]<\/p>\n<p style=\"text-align: center;\"><b>Gemeinsam zur perfekten Stelle<\/b><br \/>\nWenn du dich auf eine aktuelle Stelle bei uns beworben hast, geben wir dir sofort ein Feedback, ob und welche M\u00f6glichkeiten vorhanden sind. Solltest du uns eine Initiativbewerbung senden, finden wir nach deinen Vorstellungen, Erfahrungen und Qualifikationen, die perfekte Stelle.\u00a0<span data-ccp-props=\"{&quot;134233117&quot;:true,&quot;134233118&quot;:true,&quot;201341983&quot;:0,&quot;335551550&quot;:2,&quot;335551620&quot;:2,&quot;335559739&quot;:160,&quot;335559740&quot;:240}\">\u00a0<\/span><\/p>\n<p>[\/vc_column_text][vc_column_text]<\/p>\n<h1 style=\"text-align: center;\"><span style=\"color: rgb(100, 117, 133, 0.1); font-weight: bold;\">STEP 5<br \/>\n<\/span><\/h1>\n<p>[\/vc_column_text][vc_column_text]<\/p>\n<p style=\"text-align: center;\"><b>Kontakt mit Arbeitgebern<\/b><br \/>\nNach vorheriger Abstimmung mit dir, senden wir dein Bewerberprofil an ausgew\u00e4hlte Arbeitgeber. Danach holen wir in Verhandlungen bestm\u00f6gliche Konditionen und Arbeitsbedingungen f\u00fcr dich raus. Falls gew\u00fcnscht wird ein Vorstellungsgespr\u00e4ch vereinbart.<\/p>\n<p>[\/vc_column_text][vc_column_text]<\/p>\n<h1 style=\"text-align: center;\"><span style=\"color: rgb(100, 117, 133, 0.1); font-weight: bold;\">STEP 6<br \/>\n<\/span><\/h1>\n<p>[\/vc_column_text][vc_column_text]<\/p>\n<p style=\"text-align: center;\"><b>Vorstellungsgespr\u00e4ch<\/b><br \/>\nWir bereiten dich auf dein Vorstellungsgespr\u00e4ch vor. Je nach Einsatzort, kann es Pers\u00f6nlich, \u00fcber Videokonferenz oder am Telefon durchgef\u00fchrt werden.<\/p>\n<p>[\/vc_column_text][vc_column_text]<\/p>\n<h1 style=\"text-align: center;\"><span style=\"color: rgb(100, 117, 133, 0.1); font-weight: bold;\">STEP 7<br \/>\n<\/span><\/h1>\n<p>[\/vc_column_text][vc_column_text]<\/p>\n<p style=\"text-align: center;\"><b>Direktvermittlung zum Arbeitgeber<\/b><br \/>\nNach einer Einstellungszusage erh\u00e4ltst du deine Arbeitsbest\u00e4tigung oder deinen Arbeitsvertrag vom Arbeitgeber. Du wirst immer direkt beim Arbeitgeber angestellt. Auch nach erfolgreicher Vermittlung bleiben wir in Kontakt mit dir und stehen dir mit Rat und Tat zur Seite.\u00a0<span data-ccp-props=\"{&quot;134233117&quot;:true,&quot;134233118&quot;:true,&quot;201341983&quot;:0,&quot;335551550&quot;:2,&quot;335551620&quot;:2,&quot;335559739&quot;:160,&quot;335559740&quot;:240}\">\u00a0<\/span><\/p>\n<p>[\/vc_column_text][\/vc_column][\/vc_row][vc_row][vc_column][vc_empty_space][vc_column_text]<\/p>\n<p style=\"text-align: center;\"><a class=\"button\" href=\"..\/anmeldung-arbeitgeber\/\">Kontakt aufnehmen<\/a><\/p>\n<p>[\/vc_column_text][vc_empty_space][\/vc_column][\/vc_row][vc_section][vc_row css=&#8221;.vc_custom_1535018717974{margin-bottom: -50px !important;}&#8221;][vc_column][vc_empty_space][vc_column_text]<ul id=\"\" class=\"cnss-social-icon \" style=\"text-align:center; text-align:-webkit-center; align-self:center; margin: 0 auto;\">\t\t<li class=\"cn-fa-telefon-whatsapp cn-fa-icon \" style=\"display:inline-block;\"><a class=\"\" target=\"_blank\" href=\"tel:+4971433309490\" title=\"Telefon\/Whatsapp\" style=\"width:66px;height:66px;padding:11px 0;margin:40px;color: #313336;border-radius: 0%;\"><i title=\"Telefon\/Whatsapp\" style=\"font-size:44px;\" class=\"fa fa-phone\"><\/i><\/a><\/li>\t\t<li class=\"cn-fa-e-mail cn-fa-icon \" style=\"display:inline-block;\"><a class=\"\" target=\"_blank\" href=\"mailto:info@chefs-commis.com\" title=\"E-Mail\" style=\"width:66px;height:66px;padding:11px 0;margin:40px;color: #313336;border-radius: 0%;\"><i title=\"E-Mail\" style=\"font-size:44px;\" class=\"fa fa-envelope\"><\/i><\/a><\/li>\t\t<li class=\"cn-fa-facebook cn-fa-icon \" style=\"display:inline-block;\"><a class=\"\" target=\"_blank\" href=\"https:\/\/facebook.com\/chefsandcommis\" title=\"Facebook\" style=\"width:66px;height:66px;padding:11px 0;margin:40px;color: #313336;border-radius: 0%;\"><i title=\"Facebook\" style=\"font-size:44px;\" class=\"fa fa-facebook-square\"><\/i><\/a><\/li>\t\t<li class=\"cn-fa-instagram cn-fa-icon \" style=\"display:inline-block;\"><a class=\"\" target=\"_blank\" href=\"https:\/\/www.instagram.com\/chefsandcommis\" title=\"Instagram\" style=\"width:66px;height:66px;padding:11px 0;margin:40px;color: #313336;border-radius: 0%;\"><i title=\"Instagram\" style=\"font-size:44px;\" class=\"fa fa-instagram\"><\/i><\/a><\/li><\/ul>\r\n\t\r\n\t[\/vc_column_text][\/vc_column][\/vc_row][\/vc_section]<\/p>\n","protected":false},"excerpt":{"rendered":"<p>[vc_row css=&#8221;.vc_custom_1733343321334{margin-top: -198px !important;}&#8221;][vc_column][rev_slider_vc alias=&#8221;how-it-works&#8221;][\/vc_column][\/vc_row][vc_row][vc_column][vc_column_text] STEP 1 [\/vc_column_text][vc_column_text] Bewerbung bei Chefs &amp; Commis\u00a0 \u00a0Am besten du registrierst dich online auf unserem Portal, es ist kostenlos, geht schnell und beinhaltet bereits viele Informationen f\u00fcr dein Bewerberprofil. Du hast dort auch die M\u00f6glichkeit deine Bewerbungsunterlagen zu senden. Alternativ kannst du uns deine Bewerbungsunterlagen auch per Email senden<\/p>\n","protected":false},"author":2,"featured_media":0,"parent":0,"menu_order":0,"comment_status":"closed","ping_status":"closed","template":"","meta":{"inline_featured_image":false},"yst_prominent_words":[],"_links":{"self":[{"href":"https:\/\/www.chefs-commis.com\/en\/wp-json\/wp\/v2\/pages\/1505"}],"collection":[{"href":"https:\/\/www.chefs-commis.com\/en\/wp-json\/wp\/v2\/pages"}],"about":[{"href":"https:\/\/www.chefs-commis.com\/en\/wp-json\/wp\/v2\/types\/page"}],"author":[{"embeddable":true,"href":"https:\/\/www.chefs-commis.com\/en\/wp-json\/wp\/v2\/users\/2"}],"replies":[{"embeddable":true,"href":"https:\/\/www.chefs-commis.com\/en\/wp-json\/wp\/v2\/comments?post=1505"}],"version-history":[{"count":1,"href":"https:\/\/www.chefs-commis.com\/en\/wp-json\/wp\/v2\/pages\/1505\/revisions"}],"predecessor-version":[{"id":9615,"href":"https:\/\/www.chefs-commis.com\/en\/wp-json\/wp\/v2\/pages\/1505\/revisions\/9615"}],"wp:attachment":[{"href":"https:\/\/www.chefs-commis.com\/en\/wp-json\/wp\/v2\/media?parent=1505"}],"wp:term":[{"taxonomy":"yst_prominent_words","embeddable":true,"href":"https:\/\/www.chefs-commis.com\/en\/wp-json\/wp\/v2\/yst_prominent_words?post=1505"}],"curies":[{"name":"wp","href":"https:\/\/api.w.org\/{rel}","templated":true}]}}