{"id":2533,"date":"2018-07-31T14:45:57","date_gmt":"2018-07-31T12:45:57","guid":{"rendered":"https:\/\/www.chefs-commis.com\/?page_id=2533"},"modified":"2024-12-04T21:18:52","modified_gmt":"2024-12-04T20:18:52","slug":"how-it-works-fuer-bewerber","status":"publish","type":"page","link":"https:\/\/www.chefs-commis.com\/en\/how-it-works-fuer-bewerber\/","title":{"rendered":"How it works &#8211; F\u00fcr Bewerber"},"content":{"rendered":"<p>[vc_row css=&#8221;.vc_custom_1733343528743{margin-top: -198px !important;}&#8221;][vc_column][rev_slider_vc alias=&#8221;how-it-works&#8221;][\/vc_column][\/vc_row][vc_row][vc_column][vc_column_text]<\/p>\n<h1 style=\"text-align: center;\"><span style=\"color: rgb(100, 117, 133, 0.1); font-weight: bold;\">STEP 1<\/span><\/h1>\n<p>[\/vc_column_text][vc_column_text]<\/p>\n<p style=\"text-align: center;\"><b>Bewerbung bei Chefs &amp; Commis<\/b><span data-ccp-props=\"{&quot;134233117&quot;:true,&quot;134233118&quot;:true,&quot;201341983&quot;:0,&quot;335551550&quot;:2,&quot;335551620&quot;:2,&quot;335559739&quot;:160,&quot;335559740&quot;:240}\">\u00a0<\/span><\/p>\n<p style=\"text-align: center;\">\u00a0Unsere Website bietet Dir die M\u00f6glichkeit, Dich direkt online zu bewerben\u2013 das ist kostenlos, geht schnell und beinhaltet bereits viele Informationen f\u00fcr Dein Bewerberprofil. Du hast anschlie\u00dfend auch die M\u00f6glichkeit uns dort Deine Bewerbungsunterlagen zukommen zu lassen. Alternativ kannst du uns Deine Bewerbungsunterlagen auch per Email senden &#8211; und falls du Fragen hast, ruf uns einfach an.<span data-ccp-props=\"{&quot;134233117&quot;:true,&quot;134233118&quot;:true,&quot;201341983&quot;:0,&quot;335551550&quot;:2,&quot;335551620&quot;:2,&quot;335559739&quot;:160,&quot;335559740&quot;:240}\">\u00a0<\/span><\/p>\n<p>[\/vc_column_text][vc_column_text]<\/p>\n<h1 style=\"text-align: center;\"><span style=\"color: rgb(100, 117, 133, 0.1); font-weight: bold;\">STEP 2<\/span><\/h1>\n<p>[\/vc_column_text][vc_column_text]<\/p>\n<p style=\"text-align: center;\"><b>Pr\u00fcfung <\/b><b>deiner<\/b><b> Bewerbungsunterlagen<\/b> Nachdem wir Deine Unterlagen erhalten haben, werden Diese von uns gesichtet und auf Vollst\u00e4ndigkeit gepr\u00fcft. Anschlie\u00dfend nimmt Dein pers\u00f6nlicher Berater Kontakt zu dir auf.<\/p>\n<p>[\/vc_column_text][vc_column_text]<\/p>\n<h1 style=\"text-align: center;\"><span style=\"color: rgb(100, 117, 133, 0.1); font-weight: bold;\">STEP 3 <\/span><\/h1>\n<p>[\/vc_column_text][vc_column_text]<\/p>\n<p style=\"text-align: center;\"><b>Erstellung D<\/b><b>eines<\/b> <b>Bewerberprofils<\/b> Wir nehmen Deine pers\u00f6nlichen und beruflichen Ziele auf, werden fehlende Unterlagen oder Informationen erg\u00e4nzen und erstellen dann zusammen mit Dir ein aussagekr\u00e4ftiges Bewerberprofil.<\/p>\n<p>[\/vc_column_text][vc_column_text]<\/p>\n<h1 style=\"text-align: center;\"><span style=\"color: rgb(100, 117, 133, 0.1); font-weight: bold;\">STEP 4 <\/span><\/h1>\n<p>[\/vc_column_text][vc_column_text]<\/p>\n<p style=\"text-align: center;\"><b>Gemeinsam zum perfekten Job<\/b> Wenn Du Dich auf eine aktuelle Stelle bei uns beworben hast, dann geben wir Dir sofort ein Feedback, ob und welche M\u00f6glichkeiten wir Dir anbieten k\u00f6nnen. Solltest Du uns eine Initiativbewerbung senden, finden wir gemeinsam, abgestimmt auf Deine Vorstellungen, Erfahrungen und Qualifikationen, die perfekte Stelle f\u00fcr Dich.\u00a0<span data-ccp-props=\"{&quot;134233117&quot;:true,&quot;134233118&quot;:true,&quot;201341983&quot;:0,&quot;335551550&quot;:2,&quot;335551620&quot;:2,&quot;335559739&quot;:160,&quot;335559740&quot;:240}\">\u00a0<\/span><\/p>\n<p>[\/vc_column_text][vc_column_text]<\/p>\n<h1 style=\"text-align: center;\"><span style=\"color: rgb(100, 117, 133, 0.1); font-weight: bold;\">STEP 5 <\/span><\/h1>\n<p>[\/vc_column_text][vc_column_text]<\/p>\n<p style=\"text-align: center;\"><b>Kontakt mit Arbeitgebern<\/b> Nach vorheriger Abstimmung mit Dir, senden wir Dein Bewerberprofil an ausgew\u00e4hlte Arbeitgeber und holen dabei in Verhandlungen die bestm\u00f6glichen Konditionen und Arbeitsbedingungen f\u00fcr dich heraus.<\/p>\n<p>[\/vc_column_text][vc_column_text]<\/p>\n<h1 style=\"text-align: center;\"><span style=\"color: rgb(100, 117, 133, 0.1); font-weight: bold;\">STEP 6 <\/span><\/h1>\n<p>[\/vc_column_text][vc_column_text]<\/p>\n<p style=\"text-align: center;\"><b>Vorstellungsgespr\u00e4ch<\/b> Unsere Mission ist damit aber noch lange nicht beendet. Wir bereiten Dich nat\u00fcrlich auch auf Dein Vorstellungsgespr\u00e4ch vor. Je nach Einsatzort, kann dies pers\u00f6nlich, \u00fcber Videokonferenz oder am Telefon stattfinden.<\/p>\n<p>[\/vc_column_text][vc_column_text]<\/p>\n<h1 style=\"text-align: center;\"><span style=\"color: rgb(100, 117, 133, 0.1); font-weight: bold;\">STEP 7 <\/span><\/h1>\n<p>[\/vc_column_text][vc_column_text]<\/p>\n<p style=\"text-align: center;\"><b>Direktvermittlung an den Arbeitgeber<\/b> Nach der Einstellungszusage erh\u00e4ltst Du Deine Arbeitsbest\u00e4tigung oder Deinen Arbeitsvertrag direkt vom Arbeitgeber. Du wirst ausnahmslos immer direkt beim Arbeitgeber angestellt. Nach erfolgreicher Vermittlung bleiben wir weiterhin in Kontakt und stehen Dir auch auf Deinem weiteren Weg mit Rat und Tat zur Seite.\u00a0<span data-ccp-props=\"{&quot;134233117&quot;:true,&quot;134233118&quot;:true,&quot;201341983&quot;:0,&quot;335551550&quot;:2,&quot;335551620&quot;:2,&quot;335559739&quot;:160,&quot;335559740&quot;:240}\">\u00a0<\/span><\/p>\n<p>[\/vc_column_text][\/vc_column][\/vc_row][vc_row][vc_column][vc_empty_space][vc_column_text]<\/p>\n<p style=\"text-align: center;\"><a class=\"button\" href=\"..\/bewerberprofil\/\">JETZT BEWERBEN<\/a><\/p>\n<p>[\/vc_column_text][vc_empty_space][\/vc_column][\/vc_row][vc_section][vc_row css=&#8221;.vc_custom_1535018717974{margin-bottom: -50px !important;}&#8221;][vc_column][vc_empty_space][vc_column_text]<ul id=\"\" class=\"cnss-social-icon \" style=\"text-align:center; text-align:-webkit-center; align-self:center; margin: 0 auto;\">\t\t<li class=\"cn-fa-telefon-whatsapp cn-fa-icon \" style=\"display:inline-block;\"><a class=\"\" target=\"_blank\" href=\"tel:+4971433309490\" title=\"Telefon\/Whatsapp\" style=\"width:66px;height:66px;padding:11px 0;margin:40px;color: #313336;border-radius: 0%;\"><i title=\"Telefon\/Whatsapp\" style=\"font-size:44px;\" class=\"fa fa-phone\"><\/i><\/a><\/li>\t\t<li class=\"cn-fa-e-mail cn-fa-icon \" style=\"display:inline-block;\"><a class=\"\" target=\"_blank\" href=\"mailto:info@chefs-commis.com\" title=\"E-Mail\" style=\"width:66px;height:66px;padding:11px 0;margin:40px;color: #313336;border-radius: 0%;\"><i title=\"E-Mail\" style=\"font-size:44px;\" class=\"fa fa-envelope\"><\/i><\/a><\/li>\t\t<li class=\"cn-fa-facebook cn-fa-icon \" style=\"display:inline-block;\"><a class=\"\" target=\"_blank\" href=\"https:\/\/facebook.com\/chefsandcommis\" title=\"Facebook\" style=\"width:66px;height:66px;padding:11px 0;margin:40px;color: #313336;border-radius: 0%;\"><i title=\"Facebook\" style=\"font-size:44px;\" class=\"fa fa-facebook-square\"><\/i><\/a><\/li>\t\t<li class=\"cn-fa-instagram cn-fa-icon \" style=\"display:inline-block;\"><a class=\"\" target=\"_blank\" href=\"https:\/\/www.instagram.com\/chefsandcommis\" title=\"Instagram\" style=\"width:66px;height:66px;padding:11px 0;margin:40px;color: #313336;border-radius: 0%;\"><i title=\"Instagram\" style=\"font-size:44px;\" class=\"fa fa-instagram\"><\/i><\/a><\/li><\/ul>\r\n\t\r\n\t[\/vc_column_text][\/vc_column][\/vc_row][\/vc_section]<\/p>\n","protected":false},"excerpt":{"rendered":"<p>[vc_row css=&#8221;.vc_custom_1733343528743{margin-top: -198px !important;}&#8221;][vc_column][rev_slider_vc alias=&#8221;how-it-works&#8221;][\/vc_column][\/vc_row][vc_row][vc_column][vc_column_text] STEP 1 [\/vc_column_text][vc_column_text] Bewerbung bei Chefs &amp; Commis\u00a0 \u00a0Unsere Website bietet Dir die M\u00f6glichkeit, Dich direkt online zu bewerben\u2013 das ist kostenlos, geht schnell und beinhaltet bereits viele Informationen f\u00fcr Dein Bewerberprofil. Du hast anschlie\u00dfend auch die M\u00f6glichkeit uns dort Deine Bewerbungsunterlagen zukommen zu lassen. Alternativ kannst du uns Deine<\/p>\n","protected":false},"author":1,"featured_media":0,"parent":0,"menu_order":0,"comment_status":"closed","ping_status":"closed","template":"","meta":{"inline_featured_image":false},"yst_prominent_words":[],"_links":{"self":[{"href":"https:\/\/www.chefs-commis.com\/en\/wp-json\/wp\/v2\/pages\/2533"}],"collection":[{"href":"https:\/\/www.chefs-commis.com\/en\/wp-json\/wp\/v2\/pages"}],"about":[{"href":"https:\/\/www.chefs-commis.com\/en\/wp-json\/wp\/v2\/types\/page"}],"author":[{"embeddable":true,"href":"https:\/\/www.chefs-commis.com\/en\/wp-json\/wp\/v2\/users\/1"}],"replies":[{"embeddable":true,"href":"https:\/\/www.chefs-commis.com\/en\/wp-json\/wp\/v2\/comments?post=2533"}],"version-history":[{"count":2,"href":"https:\/\/www.chefs-commis.com\/en\/wp-json\/wp\/v2\/pages\/2533\/revisions"}],"predecessor-version":[{"id":9619,"href":"https:\/\/www.chefs-commis.com\/en\/wp-json\/wp\/v2\/pages\/2533\/revisions\/9619"}],"wp:attachment":[{"href":"https:\/\/www.chefs-commis.com\/en\/wp-json\/wp\/v2\/media?parent=2533"}],"wp:term":[{"taxonomy":"yst_prominent_words","embeddable":true,"href":"https:\/\/www.chefs-commis.com\/en\/wp-json\/wp\/v2\/yst_prominent_words?post=2533"}],"curies":[{"name":"wp","href":"https:\/\/api.w.org\/{rel}","templated":true}]}}